{"id":2651,"date":"2021-05-24T06:48:58","date_gmt":"2021-05-24T06:48:58","guid":{"rendered":"http:\/\/localhost:8888\/konstro\/?page_id=9"},"modified":"2024-07-19T22:58:18","modified_gmt":"2024-07-19T22:58:18","slug":"nosotros","status":"publish","type":"page","link":"https:\/\/coinseperu.com\/index.php\/nosotros\/","title":{"rendered":"Nosotros"},"content":{"rendered":"\t\t<div data-elementor-type=\"wp-page\" data-elementor-id=\"2651\" class=\"elementor elementor-2651\" data-elementor-post-type=\"page\">\n\t\t\t\t\t\t<section class=\"elementor-section elementor-top-section elementor-element elementor-element-0e2fcae elementor-section-full_width elementor-section-height-default elementor-section-height-default\" data-id=\"0e2fcae\" data-element_type=\"section\">\n\t\t\t\t\t\t<div class=\"elementor-container elementor-column-gap-no\">\n\t\t\t\t\t<div class=\"elementor-column elementor-col-100 elementor-top-column elementor-element elementor-element-250d94d\" data-id=\"250d94d\" data-element_type=\"column\">\n\t\t\t<div class=\"elementor-widget-wrap elementor-element-populated\">\n\t\t\t\t\t\t<div class=\"elementor-element elementor-element-ab02c6d elementor-widget elementor-widget-Elementor-About-widget\" data-id=\"ab02c6d\" data-element_type=\"widget\" data-widget_type=\"Elementor-About-widget.default\">\n\t\t\t\t<div class=\"elementor-widget-container\">\n\t\t\t<!-- about-area -->\n    <section id=\"aboutone\" class=\"about-area about-p pt-120 pb-120 p-relative\" style=\"background: url(http:\/\/wordpress.zcube.in\/konstro\/wp-content\/uploads\/2021\/05\/about-bg.png) no-repeat; background-position: right bottom;\">\n        <div class=\"container\">\n            <div class=\"row align-items-center\">\n                 <div class=\"col-lg-6 col-md-12 col-sm-12 pr-30\">\n                        <div class=\"s-about-img p-relative\">\n                             <img decoding=\"async\" src=\"http:\/\/wordpress.zcube.in\/konstro\/wp-content\/uploads\/2021\/05\/about_img-2.png\" alt=\"http:\/\/wordpress.zcube.in\/konstro\/wp-content\/uploads\/2021\/05\/about_img-2.png\">   \n                        <\/div>\n                  <\/div>\n                  <div class=\"col-lg-6 col-md-12 col-sm-12\">\n                    <div class=\"about-content s-about-content\">\n                        <div class=\"about-title second-title pb-25\">  \n                            <h2>\u00bfQuienes <span>Somos?<\/span><\/h2>   \n                        <\/div>\n                          <p> Somos una empresa con 4 a\u00f1os posicionados en el mercado y nos enorgullecemos de ofrecer soluciones integrales para todas tus necesidades el\u00e9ctricas y seguridad electr\u00f3nica. Desde instalaciones el\u00e9ctricas residenciales hasta proyectos comerciales complejos, nuestro equipo altamente capacitado est\u00e1 listo para brindarte servicios de calidad que superen tus expectativas.\n \n                        <a href=\"\" class=\"btn ss-btn mt-15\"><\/a>\n                    <\/div>\n                <\/div>\n            <\/div>\n        <\/div>\n    <\/section>\n<!-- about-area-end -->\t\t<\/div>\n\t\t\t\t<\/div>\n\t\t\t\t\t<\/div>\n\t\t<\/div>\n\t\t\t\t\t<\/div>\n\t\t<\/section>\n\t\t\t\t<section class=\"elementor-section elementor-top-section elementor-element elementor-element-90857c5 elementor-section-full_width elementor-section-height-default elementor-section-height-default\" data-id=\"90857c5\" data-element_type=\"section\">\n\t\t\t\t\t\t<div class=\"elementor-container elementor-column-gap-no\">\n\t\t\t\t\t<div class=\"elementor-column elementor-col-100 elementor-top-column elementor-element elementor-element-63153bd\" data-id=\"63153bd\" data-element_type=\"column\">\n\t\t\t<div class=\"elementor-widget-wrap elementor-element-populated\">\n\t\t\t\t\t\t<div class=\"elementor-element elementor-element-ba3e253 elementor-widget elementor-widget-Elementor_faqs-widget\" data-id=\"ba3e253\" data-element_type=\"widget\" data-widget_type=\"Elementor_faqs-widget.default\">\n\t\t\t\t<div class=\"elementor-widget-container\">\n\t\t\t\r\n\r\n<!-- faq-area -->\r\n           \r\n<section id=\"faqs\" class=\"faq-area pt-120 pb-100\" style=\"background: url(http:\/\/wordpress.zcube.in\/konstro\/wp-content\/uploads\/2021\/05\/faq-bg-1.png);background-size: cover; background-position: center center;\">             \r\n    <div class=\"container\">   \r\n        <div class=\"row\">\r\n            <div class=\"col-lg-6 col-md-12\">\r\n                <div class=\"about-title second-atitle mb-30\">            \r\n                    <h5>M\u00e1s de Nosotros<\/h5>                      \r\n                      <h2>Misi\u00f3n y Visi\u00f3n<\/h2>\r\n                <\/div>\r\n                <div class=\"faq-wrap\">\r\n                    <div class=\"accordion\" id=\"accordionExample\">\r\n                                                    \r\n                               <div class=\"card\">\r\n                                    <div class=\"card-header\">\r\n                                        <h2 class=\"mb-0\">\r\n                                            <button class=\"faq-btn collapsed\" type=\"button\" data-toggle=\"collapse\" data-target=\"#1\" aria-expanded=\"false\" aria-controls=\"1\">\r\n                                                Nuestra Misi\u00f3n                                            <\/button>\r\n                                        <\/h2>\r\n                                    <\/div>\r\n                                    <div id=\"1\" class=\"collapse \" data-parent=\"#accordionExample\" style=\"\">\r\n                                        <div class=\"card-body\">\r\n                                            Nuestra misi\u00f3n es proveer servicios integrales de seguridad y mantenimiento generales con un alto nivel de eficacia, compromiso y calidad; garantizando la tranquilidad y satisfacci\u00f3n de nuestros clientes. Comprometi\u00e9ndonos con la innovaci\u00f3n continua, el progreso sostenible y el impacto positivo en todas las \u00e1reas en las que operamos.                                         <\/div>\r\n                                    <\/div>\r\n                                <\/div>\r\n                           \r\n                               <div class=\"card\">\r\n                                    <div class=\"card-header\">\r\n                                        <h2 class=\"mb-0\">\r\n                                            <button class=\"faq-btn collapsed\" type=\"button\" data-toggle=\"collapse\" data-target=\"#2\" aria-expanded=\"false\" aria-controls=\"2\">\r\n                                                Nuestra Visi\u00f3n                                            <\/button>\r\n                                        <\/h2>\r\n                                    <\/div>\r\n                                    <div id=\"2\" class=\"collapse show\" data-parent=\"#accordionExample\" style=\"\">\r\n                                        <div class=\"card-body\">\r\n                                            Nuestra visi\u00f3n es convertirnos en el referente de confianza y calidad en el sector de seguridad y servicios generales, destac\u00e1ndonos por nuestra innovaci\u00f3n, excelencia en el servicio y adaptabilidad en las necesidades del mercado; construyendo un entorno seguro para contribuir al bienestar y seguridad de nuestros clientes, empleados y comunidades.                                         <\/div>\r\n                                    <\/div>\r\n                                <\/div>\r\n                            \r\n                    <\/div>\r\n                <\/div>\r\n            <\/div>\r\n            <div class=\"col-lg-6 col-md-4\">\r\n            <\/div>\r\n        <\/div>\r\n    <\/div>\r\n<\/section>\r\n<!-- team-area-end -->  \r\n\r\n\r\n\t\t<\/div>\n\t\t\t\t<\/div>\n\t\t\t\t\t<\/div>\n\t\t<\/div>\n\t\t\t\t\t<\/div>\n\t\t<\/section>\n\t\t\t\t<\/div>\n\t\t","protected":false},"excerpt":{"rendered":"","protected":false},"author":1,"featured_media":0,"parent":0,"menu_order":0,"comment_status":"closed","ping_status":"closed","template":"inside.php","meta":{"_joinchat":[],"footnotes":""},"class_list":["post-2651","page","type-page","status-publish","hentry"],"_links":{"self":[{"href":"https:\/\/coinseperu.com\/index.php\/wp-json\/wp\/v2\/pages\/2651","targetHints":{"allow":["GET"]}}],"collection":[{"href":"https:\/\/coinseperu.com\/index.php\/wp-json\/wp\/v2\/pages"}],"about":[{"href":"https:\/\/coinseperu.com\/index.php\/wp-json\/wp\/v2\/types\/page"}],"author":[{"embeddable":true,"href":"https:\/\/coinseperu.com\/index.php\/wp-json\/wp\/v2\/users\/1"}],"replies":[{"embeddable":true,"href":"https:\/\/coinseperu.com\/index.php\/wp-json\/wp\/v2\/comments?post=2651"}],"version-history":[{"count":7,"href":"https:\/\/coinseperu.com\/index.php\/wp-json\/wp\/v2\/pages\/2651\/revisions"}],"predecessor-version":[{"id":2760,"href":"https:\/\/coinseperu.com\/index.php\/wp-json\/wp\/v2\/pages\/2651\/revisions\/2760"}],"wp:attachment":[{"href":"https:\/\/coinseperu.com\/index.php\/wp-json\/wp\/v2\/media?parent=2651"}],"curies":[{"name":"wp","href":"https:\/\/api.w.org\/{rel}","templated":true}]}}