{"id":2656,"date":"2021-05-24T06:50:07","date_gmt":"2021-05-24T06:50:07","guid":{"rendered":"http:\/\/localhost:8888\/konstro\/?page_id=14"},"modified":"2024-08-13T17:33:22","modified_gmt":"2024-08-13T22:33:22","slug":"nuestros-servicios","status":"publish","type":"page","link":"https:\/\/coinseperu.com\/index.php\/nuestros-servicios\/","title":{"rendered":"Nuestros Servicios"},"content":{"rendered":"\t\t<div data-elementor-type=\"wp-page\" data-elementor-id=\"2656\" class=\"elementor elementor-2656\" data-elementor-post-type=\"page\">\n\t\t\t\t\t\t<section class=\"elementor-section elementor-top-section elementor-element elementor-element-0af5b04 elementor-section-full_width elementor-section-height-default elementor-section-height-default\" data-id=\"0af5b04\" data-element_type=\"section\">\n\t\t\t\t\t\t<div class=\"elementor-container elementor-column-gap-no\">\n\t\t\t\t\t<div class=\"elementor-column elementor-col-100 elementor-top-column elementor-element elementor-element-e348c18\" data-id=\"e348c18\" data-element_type=\"column\">\n\t\t\t<div class=\"elementor-widget-wrap elementor-element-populated\">\n\t\t\t\t\t\t<div class=\"elementor-element elementor-element-fa71615 elementor-widget elementor-widget-Elementor-service-two-widget\" data-id=\"fa71615\" data-element_type=\"widget\" data-widget_type=\"Elementor-service-two-widget.default\">\n\t\t\t\t<div class=\"elementor-widget-container\">\n\t\t\t\n<!-- services-area -->          \n  <section id=\"servicestwo\" class=\"services-area2 pt-120 pb-90 fix p-relative\" >\n    <div class=\"container\">\n      <div class=\"row\">\n         \n         \n\n         <div class=\"col-lg-4 col-md-6\">                             \n            <div class=\"s-single-services  services-box2 mb-30\">\n                    <div class=\"services-icon\">\n                        <i class=\"icono-cercoelectrico\"><\/i>\n                    <\/div>\n                <div class=\"services-content2\">\n                    <h5><a href=\"https:\/\/coinseperu.com\/index.php\/service\/cercos-electricos\/\">Cercos El\u00e9ctricos<\/a><\/h5>    \n                     <p>Nuestros cercos el\u00e9ctricos est\u00e1n dise\u00f1ados para ofrecer seguridad y tranquilidad, adapt\u00e1ndose a las necesidades espec\u00edficas de su hogar o empresa.  <\/p>\n \n                <\/div>\n            <\/div>              \n        <\/div>\n         \n         \n\n         <div class=\"col-lg-4 col-md-6\">                             \n            <div class=\"s-single-services  services-box2 mb-30\">\n                    <div class=\"services-icon\">\n                        <i class=\"icono-cercoelectrico1\"><\/i>\n                    <\/div>\n                <div class=\"services-content2\">\n                    <h5><a href=\"https:\/\/coinseperu.com\/index.php\/service\/sistema-puesta-tierra\/\">Sistema Puesta a tierra (Pozo Tierra)<\/a><\/h5>    \n                     <p>Garantice la seguridad el\u00e9ctrica de su instalaci\u00f3n con nuestros servicios, reduzca el riesgo de descargas el\u00e9ctricas y proteja sus equipos de posibles da\u00f1os.\u00a0<\/p>\n \n                <\/div>\n            <\/div>              \n        <\/div>\n         \n         \n         \n\n         <div class=\"col-lg-4 col-md-6\">                             \n            <div class=\"s-single-services  services-box2 mb-30\">\n                    <div class=\"services-icon\">\n                        <i class=\"icono-cercoelectrico2\"><\/i>\n                    <\/div>\n                <div class=\"services-content2\">\n                    <h5><a href=\"https:\/\/coinseperu.com\/index.php\/service\/sistema-electrico-general\/\">Sistema El\u00e9ctrico General<\/a><\/h5>    \n                     <p>Servicios integrales que abarcan desde el dise\u00f1o y planificaci\u00f3n hasta la instalaci\u00f3n y puesta en marcha de sistemas el\u00e9ctricos para todo tipo de edificaciones. <\/p>\n \n                <\/div>\n            <\/div>              \n        <\/div>\n         \n         \n\n         <div class=\"col-lg-4 col-md-6\">                             \n            <div class=\"s-single-services  services-box2 mb-30\">\n                    <div class=\"services-icon\">\n                        <i class=\"icono-cercoelectrico4\"><\/i>\n                    <\/div>\n                <div class=\"services-content2\">\n                    <h5><a href=\"https:\/\/coinseperu.com\/index.php\/service\/camaras-seguridad\/\">C\u00e1maras de Seguridad<\/a><\/h5>    \n                     <p>Sabemos que su seguridad es lo m\u00e1s importante, monitoree su entorno en tiempo real con nuestros sistemas de c\u00e1maras de seguridad de \u00faltima generaci\u00f3n.<\/p>\n \n                <\/div>\n            <\/div>              \n        <\/div>\n         \n         \n\n         <div class=\"col-lg-4 col-md-6\">                             \n            <div class=\"s-single-services  services-box2 mb-30\">\n                    <div class=\"services-icon\">\n                        <i class=\"icono-cercoelectrico5\"><\/i>\n                    <\/div>\n                <div class=\"services-content2\">\n                    <h5><a href=\"https:\/\/coinseperu.com\/index.php\/service\/sistema-alarmas\/\">Sistema de alarmas<\/a><\/h5>    \n                     <p>Proteja lo m\u00e1s importante con nuestras alarmas personalizadas. Desde alarmas antirrobo hasta detectores de incendio y sensores de movimiento, proporcionamos soluciones integrales para cualquier tipo de propiedad.  <\/p>\n \n                <\/div>\n            <\/div>              \n        <\/div>\n         \n         \n\n         <div class=\"col-lg-4 col-md-6\">                             \n            <div class=\"s-single-services  services-box2 mb-30\">\n                    <div class=\"services-icon\">\n                        <i class=\"icono-cercoelectrico6\"><\/i>\n                    <\/div>\n                <div class=\"services-content2\">\n                    <h5><a href=\"https:\/\/coinseperu.com\/index.php\/service\/sistema-intercomunicadores\/\">Sistema de intercomunicadores<\/a><\/h5>    \n                     <p>Mejore la comunicaci\u00f3n interna y la seguridad de su edificio con nuestros sistema de intercomunicadores y video porteros que facilitan la comunicaci\u00f3n entre diferentes \u00e1reas de su propiedad.<\/p>\n \n                <\/div>\n            <\/div>              \n        <\/div>\n         \n         \n\n         <div class=\"col-lg-4 col-md-6\">                             \n            <div class=\"s-single-services  services-box2 mb-30\">\n                    <div class=\"services-icon\">\n                        <i class=\"icono-cercoelectrico7\"><\/i>\n                    <\/div>\n                <div class=\"services-content2\">\n                    <h5><a href=\"https:\/\/coinseperu.com\/index.php\/service\/elaboracion-expedientes-tecnicos\/\">Elaboraci\u00f3n de expedientes t\u00e9cnicos ITSE<\/a><\/h5>    \n                     <p>Proporcionamos un servicio completo desde la evaluaci\u00f3n inicial hasta la entrega del expediente t\u00e9cnico. <\/p>\n \n                <\/div>\n            <\/div>              \n        <\/div>\n         \n         \n\n         <div class=\"col-lg-4 col-md-6\">                             \n            <div class=\"s-single-services  services-box2 mb-30\">\n                    <div class=\"services-icon\">\n                        <i class=\"icono-cercoelectrico8\"><\/i>\n                    <\/div>\n                <div class=\"services-content2\">\n                    <h5><a href=\"https:\/\/coinseperu.com\/index.php\/service\/agentes-prevencion\/\">Agentes de prevenci\u00f3n<\/a><\/h5>    \n                     <p>Nuestros agentes de prevenci\u00f3n altamente capacitados brindaran seguridad profesional para vigilar y proteger sus instalaciones, previniendo robos y cualquier actividad sospechosa.<\/p>\n \n                <\/div>\n            <\/div>              \n        <\/div>\n              \n      <\/div>\n    <\/div>\n<\/section>\n<!-- services-area-end -->\t\t<\/div>\n\t\t\t\t<\/div>\n\t\t\t\t\t<\/div>\n\t\t<\/div>\n\t\t\t\t\t<\/div>\n\t\t<\/section>\n\t\t\t\t<section class=\"elementor-section elementor-top-section elementor-element elementor-element-613bb4c elementor-section-full_width elementor-section-height-default elementor-section-height-default\" data-id=\"613bb4c\" data-element_type=\"section\" data-settings=\"{&quot;background_background&quot;:&quot;gradient&quot;}\">\n\t\t\t\t\t\t<div class=\"elementor-container elementor-column-gap-no\">\n\t\t\t\t\t<div class=\"elementor-column elementor-col-100 elementor-top-column elementor-element elementor-element-e54ff8b\" data-id=\"e54ff8b\" data-element_type=\"column\">\n\t\t\t<div class=\"elementor-widget-wrap elementor-element-populated\">\n\t\t\t\t\t\t<div class=\"elementor-element elementor-element-63e56c5 elementor-widget elementor-widget-Elementor-support-widget\" data-id=\"63e56c5\" data-element_type=\"widget\" data-widget_type=\"Elementor-support-widget.default\">\n\t\t\t\t<div class=\"elementor-widget-container\">\n\t\t\t\r\n<!-- support-area -->\r\n<section id=\"graph\" class=\"features-area pt-70 pb-50\"  style=\"background:url('http:\/\/wordpress.zcube.in\/konstro\/wp-content\/uploads\/2021\/05\/shop-bg-1.png');\">\r\n    <div class=\"container\">\r\n        <div class=\"row align-items-center\">\r\n            <div class=\"col-lg-7 col-md-12\">\r\n                <div class=\"section-title cta-title  mb-20\"> \r\n                    <h5>No te pierdas la oportunidad de consultar<\/h5>     \r\n                    <h2>Escr\u00edbenos y mejora tu futuro, toma ahora esta gran decisi\u00f3n<\/h2>\r\n                <\/div>\r\n            <\/div>\r\n            <div class=\"col-lg-5 col-md-12 text-right\">\r\n                 <a href=\"https:\/\/coinseperu.com\/index.php\/contactanos\/\" class=\"btn ss-btn active mr-15\">Escr\u00edbenos Ahora<\/a>\r\n            <\/div>\r\n        <\/div>\r\n    <\/div>\r\n<\/section>\r\n<!-- support-area-end -->\t\t<\/div>\n\t\t\t\t<\/div>\n\t\t\t\t\t<\/div>\n\t\t<\/div>\n\t\t\t\t\t<\/div>\n\t\t<\/section>\n\t\t\t\t<\/div>\n\t\t","protected":false},"excerpt":{"rendered":"","protected":false},"author":1,"featured_media":0,"parent":0,"menu_order":0,"comment_status":"closed","ping_status":"closed","template":"inside.php","meta":{"_joinchat":[],"footnotes":""},"class_list":["post-2656","page","type-page","status-publish","hentry"],"_links":{"self":[{"href":"https:\/\/coinseperu.com\/index.php\/wp-json\/wp\/v2\/pages\/2656","targetHints":{"allow":["GET"]}}],"collection":[{"href":"https:\/\/coinseperu.com\/index.php\/wp-json\/wp\/v2\/pages"}],"about":[{"href":"https:\/\/coinseperu.com\/index.php\/wp-json\/wp\/v2\/types\/page"}],"author":[{"embeddable":true,"href":"https:\/\/coinseperu.com\/index.php\/wp-json\/wp\/v2\/users\/1"}],"replies":[{"embeddable":true,"href":"https:\/\/coinseperu.com\/index.php\/wp-json\/wp\/v2\/comments?post=2656"}],"version-history":[{"count":31,"href":"https:\/\/coinseperu.com\/index.php\/wp-json\/wp\/v2\/pages\/2656\/revisions"}],"predecessor-version":[{"id":2932,"href":"https:\/\/coinseperu.com\/index.php\/wp-json\/wp\/v2\/pages\/2656\/revisions\/2932"}],"wp:attachment":[{"href":"https:\/\/coinseperu.com\/index.php\/wp-json\/wp\/v2\/media?parent=2656"}],"curies":[{"name":"wp","href":"https:\/\/api.w.org\/{rel}","templated":true}]}}